{"id":1553,"date":"2022-09-08T09:02:02","date_gmt":"2022-09-08T07:02:02","guid":{"rendered":"http:\/\/ptj-warszawa2022.uksw.edu.pl\/?page_id=1553"},"modified":"2022-09-08T09:02:03","modified_gmt":"2022-09-08T07:02:03","slug":"zeromski-i-feminatywy-pisarz-wobec-luk-nazewniczych-polszczyzny","status":"publish","type":"page","link":"https:\/\/ptj-warszawa2022.uksw.edu.pl\/?page_id=1553","title":{"rendered":"\u017beromski i feminatywy. Pisarz wobec luk nazewniczych polszczyzny"},"content":{"rendered":"\n<p>Katarzyna Sobolewska<\/p>\n\n\n\n<p>IJP PAN Warszawa<\/p>\n\n\n\n<p>\u017beromski jako uwa\u017cny obserwator polskiego \u017cycia na prze\u0142omie XIX i XX w. \u015bwiadomie kreowa\u0142 j\u0119zyk swoich utwor\u00f3w. W odpowiedzi na nowe potrzeby nazewnicze zwi\u0105zane z emancypacj\u0105 kobiet i ich masowym wkraczaniem do przestrzeni spo\u0142ecznej \u2013 szuka\u0142 odpowiednich struktur j\u0119zykowych, penetrowa\u0142 zasoby polszczyzny historycznej i gwarowej, upowszechnia\u0142 zapo\u017cyczenia i wykorzystywa\u0142 potencja\u0142 s\u0142owotw\u00f3rczy j\u0119zyka polskiego.<\/p>\n\n\n\n<p>W referacie przedstawi\u0119 u\u017cyte przez pisarza nazwy kobiet w podziale na grupy semantyczne [synonimy kobiety lub dziewczyny, np. dziewczysko, niewiasta, szelma, nazwy odm\u0119\u017cowskie (baronowa, pisarzowa), rodzinne (ciotczysko, macoszka), nazwy wykonawczy\u0144 zawod\u00f3w (markietanka, sp\u00f3dniczarka), nazwy g\u0142osicielek pogl\u0105d\u00f3w (ateuszka, reakcjonistka), nazwy kobiet jako istot erotycznych (gamratka, ptaszyna, rozpustnica), nazwy nosicielek cech (fl\u0105dra, o\u015blica, strojnisia) itp.], om\u00f3wi\u0119 ich budow\u0119, pochodzenie, sposoby u\u017cycia w tekstach. Przedstawi\u0119 te\u017c wyniki kwerend s\u0142ownikowych, aby oceni\u0107 stopie\u0144 innowacyjno\u015bci tego zbioru leksem\u00f3w. Poka\u017c\u0119, w jaki spos\u00f3b donios\u0142e zmiany spo\u0142eczne i kulturowe wp\u0142yn\u0119\u0142y na warsztat pisarski jednego z najwa\u017cniejszych tw\u00f3rc\u00f3w polskiej literatury, i jak na jego \u201ewynalazki\u201d leksykalne reagowali czytelnicy.<\/p>\n\n\n\n<p>S\u0142owa klucze<\/p>\n\n\n\n<p>\u017beromski, feminatywy, j\u0119zyk pisarza<\/p>\n\n\n\n<p>Bibliografia<\/p>\n\n\n\n<p>K. Handke, R. Handke, S\u0142ownictwo pism Stefana \u017beromskiego, t. 13. \u015awiat m\u0119\u017cczyzn i \u015bwiat kobiet, Krak\u00f3w 2007.<\/p>\n\n\n\n<p>K. Handke, Polszczyzna Stefana \u017beromskiego, Warszawa 2012.<\/p>\n\n\n\n<p>A. Ma\u0142ocha-Krupa, Feminatywum w uwik\u0142aniach j\u0119zykowo-kulturowych, Wroc\u0142aw 2018.<\/p>\n\n\n\n<p>A. Ma\u0142ocha-Krupa (red.), S\u0142ownik nazw \u017ce\u0144skich polszczyzny Wroc\u0142aw 2015.<\/p>\n","protected":false},"excerpt":{"rendered":"<p>Katarzyna Sobolewska IJP PAN Warszawa \u017beromski jako uwa\u017cny obserwator polskiego \u017cycia na prze\u0142omie XIX i XX w. \u015bwiadomie kreowa\u0142 j\u0119zyk&hellip;<\/p>\n","protected":false},"author":6,"featured_media":0,"parent":0,"menu_order":0,"comment_status":"closed","ping_status":"closed","template":"","meta":[],"_links":{"self":[{"href":"https:\/\/ptj-warszawa2022.uksw.edu.pl\/index.php?rest_route=\/wp\/v2\/pages\/1553"}],"collection":[{"href":"https:\/\/ptj-warszawa2022.uksw.edu.pl\/index.php?rest_route=\/wp\/v2\/pages"}],"about":[{"href":"https:\/\/ptj-warszawa2022.uksw.edu.pl\/index.php?rest_route=\/wp\/v2\/types\/page"}],"author":[{"embeddable":true,"href":"https:\/\/ptj-warszawa2022.uksw.edu.pl\/index.php?rest_route=\/wp\/v2\/users\/6"}],"replies":[{"embeddable":true,"href":"https:\/\/ptj-warszawa2022.uksw.edu.pl\/index.php?rest_route=%2Fwp%2Fv2%2Fcomments&post=1553"}],"version-history":[{"count":1,"href":"https:\/\/ptj-warszawa2022.uksw.edu.pl\/index.php?rest_route=\/wp\/v2\/pages\/1553\/revisions"}],"predecessor-version":[{"id":1554,"href":"https:\/\/ptj-warszawa2022.uksw.edu.pl\/index.php?rest_route=\/wp\/v2\/pages\/1553\/revisions\/1554"}],"wp:attachment":[{"href":"https:\/\/ptj-warszawa2022.uksw.edu.pl\/index.php?rest_route=%2Fwp%2Fv2%2Fmedia&parent=1553"}],"curies":[{"name":"wp","href":"https:\/\/api.w.org\/{rel}","templated":true}]}}