{"id":1534,"date":"2022-09-08T08:48:18","date_gmt":"2022-09-08T06:48:18","guid":{"rendered":"http:\/\/ptj-warszawa2022.uksw.edu.pl\/?page_id=1534"},"modified":"2022-09-08T08:48:19","modified_gmt":"2022-09-08T06:48:19","slug":"jezykowy-obraz-wartosci-w-powiesci-matka-ignacego-maciejowskiego","status":"publish","type":"page","link":"https:\/\/ptj-warszawa2022.uksw.edu.pl\/?page_id=1534","title":{"rendered":"J\u0119zykowy obraz warto\u015bci w powie\u015bci \u201eMatka\u201d Ignacego Maciejowskiego"},"content":{"rendered":"\n<p>Joanna Rutkowska<\/p>\n\n\n\n<p>Akademia im. Jakuba z Parady\u017ca w Gorzowie Wielkopolskim<\/p>\n\n\n\n<p>W artykule zostan\u0105 zaprezentowane wyniki bada\u0144 z zakresu j\u0119zykowego obrazu \u015bwiata, tu konkretnie: obrazu warto\u015bci wykreowanych przez Sewera w powie\u015bci \u201eMatka\u201d. Pod poj\u0119ciem warto\u015bci rozumiem m.in. rodzin\u0119, prac\u0119, wiar\u0119, czyli tzw. warto\u015bci wy\u017csze.<\/p>\n\n\n\n<p>Z powie\u015bci Matka Ignacego Maciejowskiego wy\u0142ania si\u0119 obraz warto\u015bci, na kt\u00f3re sk\u0142adaj\u0105 si\u0119 m.in. rodzina, praca, wiara. Wykreowane w powie\u015bci relacje rodzinne s\u0105 nie tylko pozytywne, tradycyjne, w\u0142a\u015bciwe i poprawne, ale i stereotypowe. \u0179r\u00f3d\u0142em podtrzymywania i zacie\u015bniania rodzinnych wi\u0119zi jest dom, kt\u00f3ry stanowi\u0105c odr\u0119bn\u0105 warto\u015b\u0107, \u0142\u0105czy pokolenia, krzewi tradycj\u0119, \u0142agodzi obyczaje oraz stanowi o\u015brodek ma\u0142ej wsp\u00f3lnoty ch\u0142opskiej z XIX wieku, kt\u00f3rej przedstawicielem jest rodzina Magdy, Szymona, Marysi, Antka i W\u0142adka Por\u0119bskich. Bohaterowie szanuj\u0105 i krzewi\u0105 warto\u015bci, jak np. wiara czy praca, kt\u00f3rych j\u0119zykowy obraz przeplata si\u0119 konsekwentnie z obrazem rodziny i domu. S\u0105 to zatem warto\u015bci nieroz\u0142\u0105czne, wsp\u00f3\u0142dzia\u0142aj\u0105ce.<\/p>\n\n\n\n<p>Maciejowski do wykreowania obrazu warto\u015bci stosuje szereg figur i trop\u00f3w stylistycznych, w\u015br\u00f3d kt\u00f3rych dominuj\u0105 epitety, por\u00f3wnania, apostrofy oraz wyrazy nacechowane emocjonalnie.<\/p>\n\n\n\n<p>S\u0142owa klucze<br>J\u0119zykowy obraz \u015bwiata, proza, stylistyka, warto\u015bci<\/p>\n\n\n\n<p>Bibliografia<\/p>\n\n\n\n<p>Ignacy Maciejowski (Sewer), Matka. Powie\u015b\u0107 z \u017cycia ludu, w: Dzie\u0142a wybrane, Ignacy Maciejowski, t. VII (Krak\u00f3w: Wydawnictwo Literackie, 1955), 9\u2013159.<\/p>\n\n\n\n<p>Skorupska-Raczy\u0144ska, El\u017cbieta, \u201eObraz ludowej religijno\u015bci w powie\u015bciach ch\u0142opskich Elizy Orzeszkowej\u201d. W: J\u0119zyk do\u015bwiadczenia religijnego, red. Grzegorz Cyran, El\u017cbieta Skorupska-Raczy\u0144ska. T. II. Szczecin: Wydzia\u0142 Teologiczny Uniwersytetu Szczeci\u0144skiego, 2009.<\/p>\n\n\n\n<p>Skubalanka Teresa. Historyczna stylistyka j\u0119zyka polskiego. Przekroje. Wroc\u0142aw\u2013Warszawa\u2013Krak\u00f3w\u2013Gda\u0144sk\u2013\u0141\u00f3d\u017a: Zak\u0142ad Narodowy im. Ossoli\u0144skich, 1984<\/p>\n","protected":false},"excerpt":{"rendered":"<p>Joanna Rutkowska Akademia im. Jakuba z Parady\u017ca w Gorzowie Wielkopolskim W artykule zostan\u0105 zaprezentowane wyniki bada\u0144 z zakresu j\u0119zykowego obrazu&hellip;<\/p>\n","protected":false},"author":6,"featured_media":0,"parent":0,"menu_order":0,"comment_status":"closed","ping_status":"closed","template":"","meta":[],"_links":{"self":[{"href":"https:\/\/ptj-warszawa2022.uksw.edu.pl\/index.php?rest_route=\/wp\/v2\/pages\/1534"}],"collection":[{"href":"https:\/\/ptj-warszawa2022.uksw.edu.pl\/index.php?rest_route=\/wp\/v2\/pages"}],"about":[{"href":"https:\/\/ptj-warszawa2022.uksw.edu.pl\/index.php?rest_route=\/wp\/v2\/types\/page"}],"author":[{"embeddable":true,"href":"https:\/\/ptj-warszawa2022.uksw.edu.pl\/index.php?rest_route=\/wp\/v2\/users\/6"}],"replies":[{"embeddable":true,"href":"https:\/\/ptj-warszawa2022.uksw.edu.pl\/index.php?rest_route=%2Fwp%2Fv2%2Fcomments&post=1534"}],"version-history":[{"count":1,"href":"https:\/\/ptj-warszawa2022.uksw.edu.pl\/index.php?rest_route=\/wp\/v2\/pages\/1534\/revisions"}],"predecessor-version":[{"id":1535,"href":"https:\/\/ptj-warszawa2022.uksw.edu.pl\/index.php?rest_route=\/wp\/v2\/pages\/1534\/revisions\/1535"}],"wp:attachment":[{"href":"https:\/\/ptj-warszawa2022.uksw.edu.pl\/index.php?rest_route=%2Fwp%2Fv2%2Fmedia&parent=1534"}],"curies":[{"name":"wp","href":"https:\/\/api.w.org\/{rel}","templated":true}]}}