{"id":1526,"date":"2022-09-07T22:19:12","date_gmt":"2022-09-07T20:19:12","guid":{"rendered":"http:\/\/ptj-warszawa2022.uksw.edu.pl\/?page_id=1526"},"modified":"2022-09-07T22:19:13","modified_gmt":"2022-09-07T20:19:13","slug":"slownictwo-tematyczne-w-poezji-wladyslawa-sebyly","status":"publish","type":"page","link":"https:\/\/ptj-warszawa2022.uksw.edu.pl\/?page_id=1526","title":{"rendered":"S\u0142ownictwo tematyczne w poezji W\u0142adys\u0142awa Seby\u0142y"},"content":{"rendered":"\n<p>Magdalena Zawis\u0142awska<\/p>\n\n\n\n<p>Uniwersytet Warszawski<\/p>\n\n\n\n<p>(Referat) ma na celu przedstawienie wynik\u00f3w analizy ilo\u015bciowej i jako\u015bciowej s\u0142ownictwa tematycznego w poezji W\u0142adys\u0142awa Seby\u0142y. Teksty tego autora do tej pory nie by\u0142y przedmiotem bada\u0144 stylometrycznych. Za pomoc\u0105 narz\u0119dzia Korpusomat stworzony zosta\u0142 korpus wierszy Seby\u0142y (z pomini\u0119ciem tekst\u00f3w jedynie t\u0142umaczonych przez autora) i opracowane podstawowe statystyki (frekwencja wyraz\u00f3w i ich kolokacje). Ze wzgl\u0119du na brak korpusu por\u00f3wnawczego, co wyklucza analiz\u0119 s\u0142ownictwa kluczowego, ograniczam si\u0119 do badania s\u0142ownictwa tematycznego (czyli s\u0142\u00f3w o najwi\u0119kszej frekwencji w obr\u0119bie badanych tekst\u00f3w, por. Sambor 2001; Bartmi\u0144ski 2016).<\/p>\n\n\n\n<p>Seby\u0142a bywa okre\u015blany jako poeta \u201eniech\u0119tny \u015bwiat\u0142u (Jochemczyk 2014: 98), analizowany jest cz\u0119sto motyw nocy i mroku w jego wierszach. Badacze podkre\u015blaj\u0105 katastrofizm, melancholi\u0119, przygn\u0119bienie i zw\u0105tpienie obecne w poezji Seby\u0142y (Piotrowiak 2008). Badania ilo\u015bciowe potwierdzaj\u0105 wysok\u0105 frekwencj\u0119 s\u0142ownictwa zwi\u0105zanego z noc\u0105 u poety: noc (100), gwiazda (60), sen (45), czarny (30), mrok (25), ciemno\u015b\u0107 (20), ksi\u0119\u017cyc (19). Analiza fpokazuje, \u017ce poezj\u0119 Seby\u0142y charakteryzuje jednak bardziej zr\u00f3\u017cnicowane s\u0142ownictwo tematyczne. Cz\u0119ste s\u0105 s\u0142owa odnosz\u0105ce si\u0119 do otwartej przestrzeni: niebo (80), \u015bwiat (75), wiatr (70), ziemia (49), chmura (35) oraz wody i akwen\u00f3w: woda (56), rzeka (30), morze (28), fala (25), p\u0142yn\u0105\u0107 (24). Wyrazy zwi\u0105zane z dniem maj\u0105 znacz\u0105c\u0105 reprezentacj\u0119: s\u0142o\u0144ce (32), dzie\u0144 (31), \u015bwiat\u0142o (21), cho\u0107 s\u0105 wyra\u017anie rzadsze ni\u017c s\u0142ownictwo odnosz\u0105ce si\u0119 do nocy.<\/p>\n\n\n\n<p>Co interesuj\u0105ce, wyrazem o najwy\u017cszej frekwencji w poezji Seby\u0142y jest s\u0142owo (104). Badacze zwracaj\u0105 uwag\u0119 na nietypowy stosunek poety do j\u0119zyka \u2013 wed\u0142ug niego mowa nie odzwierciedla\u0142a rzeczywisto\u015bci (D\u0105browski 2001). Aby zweryfikowa\u0107 t\u0119 hipotez\u0119, uzupe\u0142ni\u0119 badania ilo\u015bciowe analiz\u0105 jako\u015bciow\u0105 u\u017cy\u0107 wyrazu s\u0142owo w wierszach Seby\u0142y.<\/p>\n\n\n\n<p>S\u0142owa klucze<\/p>\n\n\n\n<p>Seby\u0142a, liryka, s\u0142ownictwo tematyczne, stylometria<\/p>\n\n\n\n<p>Bibliografia<\/p>\n\n\n\n<p>Bartmi\u0144ski J., 2016, S\u0142owa klucze, kulturemy, koncepty kulturowe, \u201ePrzegl\u0105d Humanistyczny\u201d 3, s. 21\u201330.<\/p>\n\n\n\n<p>D\u0105browski B., 2001, Poeta egzystencji. W\u0105tki egzystencjalistyczne w liryce W\u0142adys\u0142awa Seby\u0142y, \u201ePami\u0119tnik Literacki\u201d XCII, z. 1, 119-136.<\/p>\n\n\n\n<p>Jochemczyk, M., 2014, Terra melancholica. O \u201eM\u0142ynach. Sonacie nieludzkiej\u201d, w: Idem: Sploty tradycji. Dwug\u0142osy o literaturze polskiej XX wieku. Katowice.<\/p>\n\n\n\n<p>Piotrowiak J., 2008, \u201eCiemny nurt mego \u017cycia\u2026\u201d. O wyobra\u017ani poetyckiej W\u0142adys\u0142awa Seby\u0142y. Katowice.<\/p>\n\n\n\n<p>Sambor J., 2001, J\u0119zyk polski w \u015bwietle statystyki, w: Wsp\u00f3\u0142czesny j\u0119zyk polski, red. Jerzy Bartmi\u0144ski, Lublin, s. 503\u2013526.<\/p>\n\n\n\n<p>\u0179r\u00f3d\u0142a<\/p>\n\n\n\n<p>Seby\u0142a W., Wiersze zebrane, PIW, Warszawa 2021.<\/p>\n","protected":false},"excerpt":{"rendered":"<p>Magdalena Zawis\u0142awska Uniwersytet Warszawski (Referat) ma na celu przedstawienie wynik\u00f3w analizy ilo\u015bciowej i jako\u015bciowej s\u0142ownictwa tematycznego w poezji W\u0142adys\u0142awa Seby\u0142y.&hellip;<\/p>\n","protected":false},"author":6,"featured_media":0,"parent":0,"menu_order":0,"comment_status":"closed","ping_status":"closed","template":"","meta":[],"_links":{"self":[{"href":"https:\/\/ptj-warszawa2022.uksw.edu.pl\/index.php?rest_route=\/wp\/v2\/pages\/1526"}],"collection":[{"href":"https:\/\/ptj-warszawa2022.uksw.edu.pl\/index.php?rest_route=\/wp\/v2\/pages"}],"about":[{"href":"https:\/\/ptj-warszawa2022.uksw.edu.pl\/index.php?rest_route=\/wp\/v2\/types\/page"}],"author":[{"embeddable":true,"href":"https:\/\/ptj-warszawa2022.uksw.edu.pl\/index.php?rest_route=\/wp\/v2\/users\/6"}],"replies":[{"embeddable":true,"href":"https:\/\/ptj-warszawa2022.uksw.edu.pl\/index.php?rest_route=%2Fwp%2Fv2%2Fcomments&post=1526"}],"version-history":[{"count":1,"href":"https:\/\/ptj-warszawa2022.uksw.edu.pl\/index.php?rest_route=\/wp\/v2\/pages\/1526\/revisions"}],"predecessor-version":[{"id":1527,"href":"https:\/\/ptj-warszawa2022.uksw.edu.pl\/index.php?rest_route=\/wp\/v2\/pages\/1526\/revisions\/1527"}],"wp:attachment":[{"href":"https:\/\/ptj-warszawa2022.uksw.edu.pl\/index.php?rest_route=%2Fwp%2Fv2%2Fmedia&parent=1526"}],"curies":[{"name":"wp","href":"https:\/\/api.w.org\/{rel}","templated":true}]}}