{"id":1516,"date":"2022-09-07T22:06:40","date_gmt":"2022-09-07T20:06:40","guid":{"rendered":"http:\/\/ptj-warszawa2022.uksw.edu.pl\/?page_id=1516"},"modified":"2022-09-07T22:06:40","modified_gmt":"2022-09-07T20:06:40","slug":"listy-z-podrozy-henryka-sienkiewicza-jako-wspolne-pole-badan-jezykoznawczych-i-literaturoznawczych","status":"publish","type":"page","link":"https:\/\/ptj-warszawa2022.uksw.edu.pl\/?page_id=1516","title":{"rendered":"Listy z podr\u00f3\u017cy Henryka Sienkiewicza jako wsp\u00f3lne pole bada\u0144 j\u0119zykoznawczych i literaturoznawczych"},"content":{"rendered":"\n<p>Magdalena Pietrzak<\/p>\n\n\n\n<p>Danuta Kowalska<\/p>\n\n\n\n<p>Uniwersytet \u0141\u00f3dzki<\/p>\n\n\n\n<p>Listy z podr\u00f3\u017cy do Ameryki i Listy z Afryki to dwa reporta\u017ce Sienkiewicza, kt\u00f3re sta\u0142y si\u0119 podstaw\u0105 bada\u0144 najpierw literaturoznawczych, a z czasem j\u0119zykoznawczych. Celem u jest wskazanie zar\u00f3wno miejsc wsp\u00f3lnych (zagadnie\u0144, temat\u00f3w, problem\u00f3w), kt\u00f3re sta\u0142y si\u0119 przedmiotem analiz literaturoznawczych i j\u0119zykoznawczych, jak i tych, kt\u00f3re by\u0142y rozpatrywane tylko z jednej perspektywy. Powiemy tak\u017ce o wzajemnych wp\u0142ywach i inspiracjach (metodologicznych, tematycznych) literaturoznawc\u00f3w i j\u0119zykoznawc\u00f3w w badaniach nad tekstem literackim.<\/p>\n\n\n\n<p>S\u0142owa klucze<\/p>\n\n\n\n<p>Reporta\u017c, proces tw\u00f3rczy, pozytywizm, Henryk Sienkiewicz<\/p>\n\n\n\n<p>Bibliografia<\/p>\n\n\n\n<p>Kowalska D., Pietrzak M., 2021, Publicystyka Henryka Sienkiewicza. J\u0119zyk \u2013 styl \u2013 gatunek, \u0141\u00f3d\u017a.<\/p>\n\n\n\n<p>Kowalska D., Pietrzak M., 2019, Od \u201eList\u00f3w z podr\u00f3\u017cy do Ameryki\u201d (1876\u20121878) do \u201eList\u00f3w z Afryki\u201d (1891\u20121892), czyli o ewolucji warsztatu pisarskiego Henryka Sienkiewicza, [w:] \u201eStudia J\u0119zykoznawcze. Synchroniczne i diachroniczne aspekty bada\u0144 polszczyzny\u201d, t. 18, s. 109\u2012123.<\/p>\n\n\n\n<p>Bujnicki T., 1968, Pierwszy okres w tw\u00f3rczo\u015bci Henryka Sienkiewicza, Wydawnictwo Literackie, Krak\u00f3w.<\/p>\n\n\n\n<p>Pietrzak M., Zalewska A., (red.), 2019, Henryk Sienkiewicz. J\u0119zyk \u2012 semantyka, Wydawnictwo DiG, Warszawa<\/p>\n","protected":false},"excerpt":{"rendered":"<p>Magdalena Pietrzak Danuta Kowalska Uniwersytet \u0141\u00f3dzki Listy z podr\u00f3\u017cy do Ameryki i Listy z Afryki to dwa reporta\u017ce Sienkiewicza, kt\u00f3re&hellip;<\/p>\n","protected":false},"author":6,"featured_media":0,"parent":0,"menu_order":0,"comment_status":"closed","ping_status":"closed","template":"","meta":[],"_links":{"self":[{"href":"https:\/\/ptj-warszawa2022.uksw.edu.pl\/index.php?rest_route=\/wp\/v2\/pages\/1516"}],"collection":[{"href":"https:\/\/ptj-warszawa2022.uksw.edu.pl\/index.php?rest_route=\/wp\/v2\/pages"}],"about":[{"href":"https:\/\/ptj-warszawa2022.uksw.edu.pl\/index.php?rest_route=\/wp\/v2\/types\/page"}],"author":[{"embeddable":true,"href":"https:\/\/ptj-warszawa2022.uksw.edu.pl\/index.php?rest_route=\/wp\/v2\/users\/6"}],"replies":[{"embeddable":true,"href":"https:\/\/ptj-warszawa2022.uksw.edu.pl\/index.php?rest_route=%2Fwp%2Fv2%2Fcomments&post=1516"}],"version-history":[{"count":1,"href":"https:\/\/ptj-warszawa2022.uksw.edu.pl\/index.php?rest_route=\/wp\/v2\/pages\/1516\/revisions"}],"predecessor-version":[{"id":1517,"href":"https:\/\/ptj-warszawa2022.uksw.edu.pl\/index.php?rest_route=\/wp\/v2\/pages\/1516\/revisions\/1517"}],"wp:attachment":[{"href":"https:\/\/ptj-warszawa2022.uksw.edu.pl\/index.php?rest_route=%2Fwp%2Fv2%2Fmedia&parent=1516"}],"curies":[{"name":"wp","href":"https:\/\/api.w.org\/{rel}","templated":true}]}}