{"id":1492,"date":"2022-09-07T21:45:08","date_gmt":"2022-09-07T19:45:08","guid":{"rendered":"http:\/\/ptj-warszawa2022.uksw.edu.pl\/?page_id=1492"},"modified":"2022-09-07T21:45:08","modified_gmt":"2022-09-07T19:45:08","slug":"polskie-i-slowianskie-slowniki-jezyka-pisarzy","status":"publish","type":"page","link":"https:\/\/ptj-warszawa2022.uksw.edu.pl\/?page_id=1492","title":{"rendered":"Polskie i s\u0142owia\u0144skie s\u0142owniki j\u0119zyka pisarzy"},"content":{"rendered":"\n<p>Tadeusz Lewaszkiewicz<\/p>\n\n\n\n<p>Instytut Filologii Polskiej UAM (emeryt)<\/p>\n\n\n\n<p>Podstaw\u0119 materia\u0142ow\u0105 u stanowi\u0105 nast\u0119puj\u0105ce polskie s\u0142owniki pisarzy: S\u0142ownik polszczyzny Jana Kochanowskiego, red. M. Kuca\u0142a, t. 1-5, Krak\u00f3w 1994-2012; S\u0142ownik Jana Chryzostoma Paska, red. H. Koneczna, W. Doroszewski, t. 1-2, Wroc\u0142aw 1965-1973; S\u0142ownik j\u0119zyka Adama Mickiewicza, red. K. G\u00f3rski, S. Hrabec, t. 1-11, Wroc\u0142aw 1962-1983; Internetowy s\u0142ownik j\u0119zyka Cypriana Norwida, red. J. Puzynina, T. Korpysz; M. Balowski, S\u0142ownik j\u0119zyka Krzysztofa K. Baczy\u0144skiego (gotowy t. 1 \u2013 pozosta\u0142e tomy w przygotowaniu). Uwzgl\u0119dnione b\u0119d\u0105 r\u00f3wnie\u017c opracowania s\u0142ownikowe: H. Handke (red.), S\u0142ownictwo pism Stefana \u017beromskiego, t. 1-13, Krak\u00f3w 2002-2007.<\/p>\n\n\n\n<p>S\u0142owniki innos\u0142owia\u0144skie: \u0421\u043b\u043e\u0432\u0430\u0440\u044c \u044f\u0437\u044b\u043a\u0430 \u041f\u0443\u0448\u043a\u0438\u043d\u0430, \u0442. 1-4, \u0440\u0435\u0434. \u0412. \u0412. \u0412\u0438\u043d\u043e\u0433\u0440\u0430\u0434\u043e\u0432, \u041c\u043e\u0441\u043a\u0432\u0430 1957-1961; \u0423. \u0412. \u0410\u043di\u0447\u044d\u043d\u043a\u0430, \u0421\u043b\u043e\u045e\u043di\u043a \u043c\u043e\u0432\u044b \u0421\u043a\u0430\u0440\u044b\u043d\u044b, \u0442. 1-2, \u041ci\u043d\u0441\u043a 1977-1984; \u0410. \u042f. \u041c\u0438\u0445\u043d\u0435\u0432i\u0447, \u0421\u043b\u043e\u045e\u043di\u043a \u043c\u043e\u0432\u044b \u0442\u0432\u043e\u0440\u0430\u045e \u042f\u043a\u0443\u0431\u0430 \u041a\u043e\u043b\u0430\u0441\u0430 (r\u0119kopis); K. Nov\u00e1k, Slovn\u00edk k \u010desk\u00fdm spis\u016fm Husov\u00fdm, Praha 1934; M. Snoj, Slovar jezika Svetokri\u0161kega, w ww. fran. si. By\u0107 mo\u017ce uda si\u0119 powi\u0119kszy\u0107 list\u0119 istniej\u0105cych s\u0142ownik\u00f3w s\u0142owia\u0144skich oraz dotrze\u0107 do informacji o projektach s\u0142ownik\u00f3w pisarzy s\u0142owia\u0144skich.<\/p>\n\n\n\n<p>Przedmiotem u b\u0119dzie om\u00f3wienie zawarto\u015bci materia\u0142u leksykalnego s\u0142ownik\u00f3w oraz por\u00f3wnanie zastosowanych metod leksykograficznych.<\/p>\n\n\n\n<p>S\u0142owa klucze<\/p>\n\n\n\n<p>leksykografia, s\u0142owniki j\u0119zyka pisarzy, j\u0119zykoznawstwo polskie i s\u0142owia\u0144skie<\/p>\n\n\n\n<p>Bibliografia<\/p>\n\n\n\n<p>Literatura:<\/p>\n\n\n\n<p>\u041a\u0430\u0440\u043f\u043e\u0432\u0430 \u041e., \u0421\u043b\u043e\u0432\u0430\u0440\u0438 \u044f\u0437\u044b\u043a\u0430 \u043f\u0438\u0441\u0430\u0442\u0435\u043b\u0435\u0439, \u041c\u043e\u0441\u043a\u0432\u0430 1989.<\/p>\n\n\n\n<p>Korpysz T., 2010, S\u0142owniki j\u0119zyka autor\u00f3w jako typ opracowa\u0144 leksykograficznych, \u201ePoradnik J\u0119zykowy\u201d nr 4, s. 51-72.<\/p>\n\n\n\n<p>Koz\u0142owska A., 2013, Indeks leksyki pisarza jako typ opracowania leksykograficznego, \u201ePrace Filologiczne\u201d 64\/1, s. 147-158.<\/p>\n\n\n\n<p>Pszczo\u0142owska L., 1966, S\u0142ownik j\u0119zyka poezji, \u201ePami\u0119tnik Literacki\u201d 57\/1, s. 153-165.<\/p>\n\n\n\n<p>Puzynina J., 1988, O celach i metodach pracy nad s\u0142ownikami j\u0119zyka pisarzy, [w:] Z&nbsp;polskich studi\u00f3w slawistycznych VII, s. 445-454.<\/p>\n\n\n\n<p>Puzynina J., 1991, O pracach zespo\u0142u Pracowni S\u0142ownika J\u0119zyka Cypriana Norwida przy Wydziale Polonistyki Uniwersytetu Warszawskiego (1983-1985), [w:] J\u0119zyk a kultura, t. 1: Podstawowe poj\u0119cia i problemy, red. J. Anusiewicz, J. Bartmi\u0144ski, Wroc\u0142aw, s. 211-221.<\/p>\n\n\n\n<p>Puzynina J., 1993, Opis znaczenia w s\u0142owniku autora, [w:] O definicjach i definiowaniu, red. J. Bartmi\u0144ski, R. Tokarski, Lublin, s. 207-219.<\/p>\n\n\n\n<p>Sobolewska K., 2010, Leksykograf jako partner historyka literatury, \u201ePrace Filologiczne\u201d 58, s. 379-390.<\/p>\n","protected":false},"excerpt":{"rendered":"<p>Tadeusz Lewaszkiewicz Instytut Filologii Polskiej UAM (emeryt) Podstaw\u0119 materia\u0142ow\u0105 u stanowi\u0105 nast\u0119puj\u0105ce polskie s\u0142owniki pisarzy: S\u0142ownik polszczyzny Jana Kochanowskiego, red.&hellip;<\/p>\n","protected":false},"author":6,"featured_media":0,"parent":0,"menu_order":0,"comment_status":"closed","ping_status":"closed","template":"","meta":[],"_links":{"self":[{"href":"https:\/\/ptj-warszawa2022.uksw.edu.pl\/index.php?rest_route=\/wp\/v2\/pages\/1492"}],"collection":[{"href":"https:\/\/ptj-warszawa2022.uksw.edu.pl\/index.php?rest_route=\/wp\/v2\/pages"}],"about":[{"href":"https:\/\/ptj-warszawa2022.uksw.edu.pl\/index.php?rest_route=\/wp\/v2\/types\/page"}],"author":[{"embeddable":true,"href":"https:\/\/ptj-warszawa2022.uksw.edu.pl\/index.php?rest_route=\/wp\/v2\/users\/6"}],"replies":[{"embeddable":true,"href":"https:\/\/ptj-warszawa2022.uksw.edu.pl\/index.php?rest_route=%2Fwp%2Fv2%2Fcomments&post=1492"}],"version-history":[{"count":1,"href":"https:\/\/ptj-warszawa2022.uksw.edu.pl\/index.php?rest_route=\/wp\/v2\/pages\/1492\/revisions"}],"predecessor-version":[{"id":1493,"href":"https:\/\/ptj-warszawa2022.uksw.edu.pl\/index.php?rest_route=\/wp\/v2\/pages\/1492\/revisions\/1493"}],"wp:attachment":[{"href":"https:\/\/ptj-warszawa2022.uksw.edu.pl\/index.php?rest_route=%2Fwp%2Fv2%2Fmedia&parent=1492"}],"curies":[{"name":"wp","href":"https:\/\/api.w.org\/{rel}","templated":true}]}}