{"id":1480,"date":"2022-09-07T16:36:54","date_gmt":"2022-09-07T14:36:54","guid":{"rendered":"http:\/\/ptj-warszawa2022.uksw.edu.pl\/?page_id=1480"},"modified":"2022-09-07T16:36:54","modified_gmt":"2022-09-07T14:36:54","slug":"korespondencja-fryderyka-chopina-jako-przedmiot-badan-jezykoznawczych","status":"publish","type":"page","link":"https:\/\/ptj-warszawa2022.uksw.edu.pl\/?page_id=1480","title":{"rendered":"Korespondencja Fryderyka Chopina jako przedmiot bada\u0144 j\u0119zykoznawczych"},"content":{"rendered":"\n<p>Ewelina Kwapie\u0144<\/p>\n\n\n\n<p>Uniwersytet Warszawski<\/p>\n\n\n\n<p>Referat b\u0119dzie po\u015bwi\u0119cony pe\u0142nej zachowanej korespondencji Fryderyka Chopina wydanej w opracowaniu krytycznym przez Wydawnictwa Uniwersytetu Warszawskiego (opr. Zofia Helman, Zbigniew Skowron, Hanna Wr\u00f3blewska-Straus). Teksty list\u00f3w zostan\u0105 poddane szczeg\u00f3\u0142owej analizie j\u0119zykoznawczej zar\u00f3wno pod k\u0105tem gramatyki, jak i s\u0142ownictwa: ortografia i fonetyka, fleksja, sk\u0142adnia, s\u0142owotw\u00f3rstwo, s\u0142ownictwo rodzime i zapo\u017cyczone, frazeologia, zr\u00f3\u017cnicowanie stylistyczne s\u0142ownictwa. Celem u jest wskazanie w listach Chopina zagadnie\u0144 interesuj\u0105cych pod wzgl\u0119dem j\u0119zykoznawczym.<\/p>\n\n\n\n<p>S\u0142owa klucze<\/p>\n\n\n\n<p>j\u0119zyk pisarzy, korespondencja, Fryderyk Chopin<\/p>\n\n\n\n<p>Bibliografia<\/p>\n\n\n\n<p>Bajerowa Irena, Strukturalna interpretacja historii j\u0119zyka, \u201eJ\u0119zyk Polski\u201d 1969, z. 2, s. 81-103.<\/p>\n\n\n\n<p>Bajerowa Irena, Polski j\u0119zyk og\u00f3lny XIX wieku. Stan i ewolucja. t. 1, Ortografia, fonologia z fonetyk\u0105, morfonologia, Katowice 1986.<\/p>\n\n\n\n<p>Bajerowa Irena, Polski j\u0119zyk og\u00f3lny XIX wieku. Stan i ewolucja. t. 2, Fleksja, Katowice 1992.<\/p>\n\n\n\n<p>Bajerowa Irena, Polski j\u0119zyk og\u00f3lny XIX wieku. Stan i ewolucja. t. 3, Sk\u0142adnia. Synteza, Katowice 2000.<\/p>\n\n\n\n<p>Korespondencja Fryderyka Chopina, zebrali, opracowali i opatrzyli komentarzami Zofia Helman, Zbigniew Skowron, Hanna Wr\u00f3blewska-Straus, t. 2, cz. 1, 1831-1838, Warszawa 2017: Wydawnictwo Uniwersytetu Warszawskiego.<\/p>\n\n\n\n<p>Kupiszewski W\u0142adys\u0142aw, Z zagadnie\u0144 j\u0119zyka pisarzy, Warszawa \u2013 \u0141owicz 2004: Mazowiecka Wy\u017csza Szko\u0142a Humanistyczno-Pedagogiczna.<\/p>\n","protected":false},"excerpt":{"rendered":"<p>Ewelina Kwapie\u0144 Uniwersytet Warszawski Referat b\u0119dzie po\u015bwi\u0119cony pe\u0142nej zachowanej korespondencji Fryderyka Chopina wydanej w opracowaniu krytycznym przez Wydawnictwa Uniwersytetu Warszawskiego&hellip;<\/p>\n","protected":false},"author":6,"featured_media":0,"parent":0,"menu_order":0,"comment_status":"closed","ping_status":"closed","template":"","meta":[],"_links":{"self":[{"href":"https:\/\/ptj-warszawa2022.uksw.edu.pl\/index.php?rest_route=\/wp\/v2\/pages\/1480"}],"collection":[{"href":"https:\/\/ptj-warszawa2022.uksw.edu.pl\/index.php?rest_route=\/wp\/v2\/pages"}],"about":[{"href":"https:\/\/ptj-warszawa2022.uksw.edu.pl\/index.php?rest_route=\/wp\/v2\/types\/page"}],"author":[{"embeddable":true,"href":"https:\/\/ptj-warszawa2022.uksw.edu.pl\/index.php?rest_route=\/wp\/v2\/users\/6"}],"replies":[{"embeddable":true,"href":"https:\/\/ptj-warszawa2022.uksw.edu.pl\/index.php?rest_route=%2Fwp%2Fv2%2Fcomments&post=1480"}],"version-history":[{"count":1,"href":"https:\/\/ptj-warszawa2022.uksw.edu.pl\/index.php?rest_route=\/wp\/v2\/pages\/1480\/revisions"}],"predecessor-version":[{"id":1481,"href":"https:\/\/ptj-warszawa2022.uksw.edu.pl\/index.php?rest_route=\/wp\/v2\/pages\/1480\/revisions\/1481"}],"wp:attachment":[{"href":"https:\/\/ptj-warszawa2022.uksw.edu.pl\/index.php?rest_route=%2Fwp%2Fv2%2Fmedia&parent=1480"}],"curies":[{"name":"wp","href":"https:\/\/api.w.org\/{rel}","templated":true}]}}