{"id":1464,"date":"2022-09-07T16:25:55","date_gmt":"2022-09-07T14:25:55","guid":{"rendered":"http:\/\/ptj-warszawa2022.uksw.edu.pl\/?page_id=1464"},"modified":"2022-09-07T16:25:56","modified_gmt":"2022-09-07T14:25:56","slug":"archiwum-filomatow-jako-obiekt-badan-lingwistycznych","status":"publish","type":"page","link":"https:\/\/ptj-warszawa2022.uksw.edu.pl\/?page_id=1464","title":{"rendered":"Archiwum Filomat\u00f3w jako obiekt bada\u0144 lingwistycznych"},"content":{"rendered":"\n<p>Jolanta Klimek-Gr\u0105dzka<\/p>\n\n\n\n<p>Katolicki Uniwersytet Lubelski Jana Paw\u0142a II<\/p>\n\n\n\n<p>Przedmiotem ogl\u0105du w referacie b\u0119dzie nowo powstaj\u0105ca \u2013 w ramach grantu NPRH 11H 18 0060 86 \u2013 edycja cyfrowa zespo\u0142u dokument\u00f3w funkcjonuj\u0105cego pod nazw\u0105 Archiwum Filomat\u00f3w, a tak\u017ce jej potencja\u0142 badawczy, zw\u0142aszcza j\u0119zykoznawczy.<\/p>\n\n\n\n<p>R\u0119kopisy tworz\u0105ce AF maj\u0105 charakter urz\u0119dowy (zwi\u0105zany z dzia\u0142alno\u015bci\u0105 Filomat\u00f3w) oraz prywatny (korespondencja), literacki (wiersze, np. autorstwa A. Mickiewicza) czy naukowy (uwagi i rozprawki na r\u00f3\u017cne tematy, np. na temat j\u0119zyka). Ich autorami byli m.in. Aleksander Chod\u017ako, Jan Czeczot, Cyprian Daszkiewicz, Adam Dziewi\u0105tkowicz, J\u00f3zef Je\u017cowski, Stanis\u0142aw Kozakiewicz, Teodor \u0141ozi\u0144ski, Adam Mickiewicz, Antoni Odyniec, Kazimierza Piasecki, Onufry Pietraszkiewicz, Micha\u0142 Rukiewicz, Jan Sobolewski, Adam Suzin, Tomasz Zan. Tak obszerny (licz\u0105cy ponad 20 tysi\u0119cy stron), dotychczas rozproszony i niekompletny, zr\u00f3\u017cnicowany autorsko i genologicznie zbi\u00f3r dokument\u00f3w po\u0142\u0105czonych miejscem i czasem powstania stanowi doskona\u0142e \u017ar\u00f3d\u0142o poszerzonych (czy wr\u0119cz kompletnych) bada\u0144 nad j\u0119zykiem filomat\u00f3w, postulowanym ju\u017c przez Zofi\u0119 Kurzow\u0105 (1955).<\/p>\n\n\n\n<p>W trakcie wyst\u0105pienia zaprezentowana zostanie stworzona w ramach projektu aplikacja internetowa, w kt\u00f3rej zgromadzone s\u0105 materia\u0142y tworz\u0105ce Archiwum Filomat\u00f3w. Wreszcie, na podstawie danych wydobytych z korpusu, zweryfikowanych zostanie kilka tez dotycz\u0105cych polszczyzny filomackiej i nakre\u015blone zostan\u0105 dalsze mo\u017cliwo\u015bci wykorzystania zasobu w badaniach lingwistycznych.<\/p>\n\n\n\n<p>S\u0142owa klucze<br>Archiwum Filomat\u00f3w; j\u0119zyk filomat\u00f3w; polszczyzna XIX w.; edytorstwo cyfrowe<\/p>\n\n\n\n<p>Bibliografia<\/p>\n\n\n\n<p>Bajerowa I., Polski j\u0119zyk og\u00f3lny XIX wieku. Stan i ewolucja. T. 1-3, Katowice 1986-2000.<\/p>\n\n\n\n<p>Ja\u0144czyk U., Archiwum Filomat\u00f3w w Bibliotece Uniwersyteckiej KUL. Historia zbioru, Lublin 2020.<\/p>\n\n\n\n<p>Kawyn-Kurzowa Z., J\u0119zyk grupy Filomat\u00f3w, \u201eJ\u0119zyk Polski\u201c 1955, nr 5, s. 333-360.<\/p>\n\n\n\n<p>Kawyn-Kurzowa Z., J\u0119zyk filomat\u00f3w i filaret\u00f3w, przyczynek do dziej\u00f3w j\u0119zyka polskiego XIX wieku. S\u0142owotw\u00f3rstwo i s\u0142ownictwo, Wroc\u0142aw 1963.<\/p>\n","protected":false},"excerpt":{"rendered":"<p>Jolanta Klimek-Gr\u0105dzka Katolicki Uniwersytet Lubelski Jana Paw\u0142a II Przedmiotem ogl\u0105du w referacie b\u0119dzie nowo powstaj\u0105ca \u2013 w ramach grantu NPRH&hellip;<\/p>\n","protected":false},"author":6,"featured_media":0,"parent":0,"menu_order":0,"comment_status":"closed","ping_status":"closed","template":"","meta":[],"_links":{"self":[{"href":"https:\/\/ptj-warszawa2022.uksw.edu.pl\/index.php?rest_route=\/wp\/v2\/pages\/1464"}],"collection":[{"href":"https:\/\/ptj-warszawa2022.uksw.edu.pl\/index.php?rest_route=\/wp\/v2\/pages"}],"about":[{"href":"https:\/\/ptj-warszawa2022.uksw.edu.pl\/index.php?rest_route=\/wp\/v2\/types\/page"}],"author":[{"embeddable":true,"href":"https:\/\/ptj-warszawa2022.uksw.edu.pl\/index.php?rest_route=\/wp\/v2\/users\/6"}],"replies":[{"embeddable":true,"href":"https:\/\/ptj-warszawa2022.uksw.edu.pl\/index.php?rest_route=%2Fwp%2Fv2%2Fcomments&post=1464"}],"version-history":[{"count":1,"href":"https:\/\/ptj-warszawa2022.uksw.edu.pl\/index.php?rest_route=\/wp\/v2\/pages\/1464\/revisions"}],"predecessor-version":[{"id":1465,"href":"https:\/\/ptj-warszawa2022.uksw.edu.pl\/index.php?rest_route=\/wp\/v2\/pages\/1464\/revisions\/1465"}],"wp:attachment":[{"href":"https:\/\/ptj-warszawa2022.uksw.edu.pl\/index.php?rest_route=%2Fwp%2Fv2%2Fmedia&parent=1464"}],"curies":[{"name":"wp","href":"https:\/\/api.w.org\/{rel}","templated":true}]}}