{"id":1436,"date":"2022-09-07T13:49:20","date_gmt":"2022-09-07T11:49:20","guid":{"rendered":"http:\/\/ptj-warszawa2022.uksw.edu.pl\/?page_id=1436"},"modified":"2022-09-07T13:49:20","modified_gmt":"2022-09-07T11:49:20","slug":"pozniej-twe-imie-mowie-ukochane-i-z-slow-jak-z-kwiatow-sliczny-bukiet-plote-nazwy-wlasne-w-tworczosci-juliana-tuwima","status":"publish","type":"page","link":"https:\/\/ptj-warszawa2022.uksw.edu.pl\/?page_id=1436","title":{"rendered":"\u201eP\u00f3\u017aniej Twe Imi\u0119 m\u00f3wi\u0119 ukochane \/ I z s\u0142\u00f3w, jak z kwiat\u00f3w, \u015bliczny bukiet plot\u0119\u201d\u00a0&#8211; nazwy w\u0142asne w tw\u00f3rczo\u015bci Juliana Tuwima"},"content":{"rendered":"\n<p>Magdalena Graf<\/p>\n\n\n\n<p>UAM<\/p>\n\n\n\n<p>Przedmiotem om\u00f3wienia s\u0105 metodologiczne i badawcze wyzwania, kt\u00f3re stoj\u0105 przed j\u0119zykoznawc\u0105 zajmuj\u0105cym si\u0119 tekstem literackim. Uwag\u0119 kieruj\u0119 ku instrumentarium badawczemu onomastyki literackiej &#8211; chcia\u0142abym wskaza\u0107 zar\u00f3wno najwa\u017cniejsze etapy rozwoju dyscypliny, jak i jej najpowa\u017cniejsze zaniechania. Jednym z nich jest wci\u0105\u017c niewielkie zainteresowanie poezj\u0105, zw\u0142aszcza wsp\u00f3\u0142czesn\u0105. Rozpoznania o charakterze teoretycznym uzupe\u0142nia interpretacja poetyckiego onomastykonu wierszy Juliusza Tuwima.<\/p>\n\n\n\n<p>S\u0142owa klucze<\/p>\n\n\n\n<p>onomastyka literacka, nazwy w\u0142asne w poezji, nazewnictwo literackie<\/p>\n\n\n\n<p>Bibliografia<\/p>\n\n\n\n<p>Czopek-Kopciuch B. (2010). Funkcje nazw w\u0142asnych w poezji Zbigniewa Herberta (na przyk\u0142adzie tomiku \u201ePan Cogito\u201d). W: R. \u0141obodzi\u0144ska (red.). Nazwy w\u0142asne a spo\u0142ecze\u0144stwo. T.2. \u0141ask: Oficyna Wydawnicza LEKSEM, s.445-452.<\/p>\n\n\n\n<p>Graf M., Graf P. (2014). A usta zn\u00f3w rozlu\u017aniaj\u0105 si\u0119 do s\u0142\u00f3w okalecza\u0142ych \u2013 namopaniki Aleksandra Wata (recepcja, j\u0119zyk, interpretacja). Pozna\u0144skie Studia Polonistyczne, Seria J\u0119zykoznawcza, t. 21 (41), z. 1, s. 35-47.<\/p>\n\n\n\n<p>Graf M., Graf P. (2018) Nazwa w butonierce\u2014wok\u00f3\u0142 onimii tekstu poetyckiego (na przyk\u0142adzie poezji Brunona Jasie\u0144skiego), Onomastica LXII, 15-31<\/p>\n\n\n\n<p>Rejter A. (2016). Nazwa w\u0142asna wobec gatunku i dyskursu. Katowice: Wydawnictwo Uniwersytetu \u015al\u0105skiego.<\/p>\n\n\n\n<p>Szewczyk \u0141.M. (1993). Nazewnictwo literackie w tw\u00f3rczo\u015bci Adama Mickiewicza. Bydgoszcz: Wydawnictwo Uczelniane WSP.<\/p>\n\n\n\n<p>Walicka M. (1998). Mitologiczne nazwy w\u0142asne w poezji Leopolda Staffa. Onomastica XLIII, s.291-308.<\/p>\n","protected":false},"excerpt":{"rendered":"<p>Magdalena Graf UAM Przedmiotem om\u00f3wienia s\u0105 metodologiczne i badawcze wyzwania, kt\u00f3re stoj\u0105 przed j\u0119zykoznawc\u0105 zajmuj\u0105cym si\u0119 tekstem literackim. Uwag\u0119 kieruj\u0119&hellip;<\/p>\n","protected":false},"author":6,"featured_media":0,"parent":0,"menu_order":0,"comment_status":"closed","ping_status":"closed","template":"","meta":[],"_links":{"self":[{"href":"https:\/\/ptj-warszawa2022.uksw.edu.pl\/index.php?rest_route=\/wp\/v2\/pages\/1436"}],"collection":[{"href":"https:\/\/ptj-warszawa2022.uksw.edu.pl\/index.php?rest_route=\/wp\/v2\/pages"}],"about":[{"href":"https:\/\/ptj-warszawa2022.uksw.edu.pl\/index.php?rest_route=\/wp\/v2\/types\/page"}],"author":[{"embeddable":true,"href":"https:\/\/ptj-warszawa2022.uksw.edu.pl\/index.php?rest_route=\/wp\/v2\/users\/6"}],"replies":[{"embeddable":true,"href":"https:\/\/ptj-warszawa2022.uksw.edu.pl\/index.php?rest_route=%2Fwp%2Fv2%2Fcomments&post=1436"}],"version-history":[{"count":1,"href":"https:\/\/ptj-warszawa2022.uksw.edu.pl\/index.php?rest_route=\/wp\/v2\/pages\/1436\/revisions"}],"predecessor-version":[{"id":1437,"href":"https:\/\/ptj-warszawa2022.uksw.edu.pl\/index.php?rest_route=\/wp\/v2\/pages\/1436\/revisions\/1437"}],"wp:attachment":[{"href":"https:\/\/ptj-warszawa2022.uksw.edu.pl\/index.php?rest_route=%2Fwp%2Fv2%2Fmedia&parent=1436"}],"curies":[{"name":"wp","href":"https:\/\/api.w.org\/{rel}","templated":true}]}}