{"id":1415,"date":"2022-09-07T13:26:18","date_gmt":"2022-09-07T11:26:18","guid":{"rendered":"http:\/\/ptj-warszawa2022.uksw.edu.pl\/?page_id=1415"},"modified":"2022-09-07T13:26:18","modified_gmt":"2022-09-07T11:26:18","slug":"neologizmy-wzgledne-i-bezwgledne-rozwazania-o-neologicznosci-neologizmow","status":"publish","type":"page","link":"https:\/\/ptj-warszawa2022.uksw.edu.pl\/?page_id=1415","title":{"rendered":"Neologizmy wzgl\u0119dne i bezwgl\u0119dne. Rozwa\u017cania o neologiczno\u015bci neologizm\u00f3w"},"content":{"rendered":"\n<p>Iwona Burkacka<\/p>\n\n\n\n<p>Uniwersytet Warszawski<\/p>\n\n\n\n<p>Celem wyst\u0105pienia jest przedstawienie rozwa\u017ca\u0144 dotycz\u0105cych kategorii nowo\u015bci w ocenie neologizm\u00f3w wyst\u0119puj\u0105cych w tekstach artystycznych. W opracowaniach spotyka si\u0119 r\u00f3\u017cne metody weryfikacji datacji innowacji i okre\u015blania stopnia ich kreatywno\u015bci. Neologizmy stanowi\u0105 za\u015b jeden z najbardziej wyrazistych element\u00f3w j\u0119zyka osobniczego. Rozwa\u017cania koncentruj\u0105 si\u0119 wok\u00f3\u0142 tekstu Bogus\u0142awa Krei, kt\u00f3ry w 2003 roku zaproponowa\u0142 wprowadzenie stopniowania neologiczno\u015bci i wydzielanie neologizm\u00f3w subiektywnych. Propozycja ta jest niezwykle interesuj\u0105ca w odniesieniu do wsp\u00f3\u0142czesnych tekst\u00f3w kultury, a zw\u0142aszcza powie\u015bci i reporta\u017cy, w kt\u00f3rych widoczne s\u0105 odwo\u0142ania do poetyki ponowoczesno\u015bci, w tym intertekstualno\u015bci i swoistego recyklingu kulturowego.<\/p>\n\n\n\n<p>S\u0142owa klucze<\/p>\n\n\n\n<p>Neologizm s\u0142owotw\u00f3rczy, kreatywno\u015b\u0107, stylizacja, datacja<\/p>\n\n\n\n<p>Bibliografia<\/p>\n\n\n\n<p>Derwojedowa M., Kwiecie\u0144 M., 2020, O z\u0142udno\u015bci nowo\u015bci, o pozorno\u015bci dawno\u015bci (na przyk\u0142adzie demokratury). \u201eStudia J\u0119zykoznawcze. Synchroniczne i diachroniczne aspekty bada\u0144 polszczyzny\u201d, t. 19, s. 83\u201396.<\/p>\n\n\n\n<p>Koz\u0142owska A., 2020, O mo\u017cliwo\u015bciach wykorzystania Narodowego Fotokorpusu J\u0119zyka Polskiego w badaniach neologizm\u00f3w pisarzy (na przyk\u0142adzie j\u0119zyka Cypriana Norwida), w: K. Wojan (red.), Wok\u00f3\u0142 pewnego cytatu, BEL Studio, s. 167-172.<\/p>\n\n\n\n<p>Kreja B., 2003, Neologizmy i ich rodzaje, w: A. Pstyga (red.), Wok\u00f3\u0142 struktury s\u0142owa, Wydawnictwo Uniwersytetu Gda\u0144skiego, s. 37-49.<\/p>\n\n\n\n<p>Wierzcho\u0144 P., 2013, Z&nbsp;problem\u00f3w lingwochronologizacji polskiej, \u201ePoradnik J\u0119zykowy\u201c, 7, s. 42-56.<\/p>\n\n\n\n<p>Wierzcho\u0144 P., 2016, Z kart historii \u201eparcia na\u201d neologizmy, \u201ePoradnik J\u0119zykowy\u201c, 4, s. 110\u2013129.<\/p>\n","protected":false},"excerpt":{"rendered":"<p>Iwona Burkacka Uniwersytet Warszawski Celem wyst\u0105pienia jest przedstawienie rozwa\u017ca\u0144 dotycz\u0105cych kategorii nowo\u015bci w ocenie neologizm\u00f3w wyst\u0119puj\u0105cych w tekstach artystycznych. W&hellip;<\/p>\n","protected":false},"author":6,"featured_media":0,"parent":0,"menu_order":0,"comment_status":"closed","ping_status":"closed","template":"","meta":[],"_links":{"self":[{"href":"https:\/\/ptj-warszawa2022.uksw.edu.pl\/index.php?rest_route=\/wp\/v2\/pages\/1415"}],"collection":[{"href":"https:\/\/ptj-warszawa2022.uksw.edu.pl\/index.php?rest_route=\/wp\/v2\/pages"}],"about":[{"href":"https:\/\/ptj-warszawa2022.uksw.edu.pl\/index.php?rest_route=\/wp\/v2\/types\/page"}],"author":[{"embeddable":true,"href":"https:\/\/ptj-warszawa2022.uksw.edu.pl\/index.php?rest_route=\/wp\/v2\/users\/6"}],"replies":[{"embeddable":true,"href":"https:\/\/ptj-warszawa2022.uksw.edu.pl\/index.php?rest_route=%2Fwp%2Fv2%2Fcomments&post=1415"}],"version-history":[{"count":1,"href":"https:\/\/ptj-warszawa2022.uksw.edu.pl\/index.php?rest_route=\/wp\/v2\/pages\/1415\/revisions"}],"predecessor-version":[{"id":1416,"href":"https:\/\/ptj-warszawa2022.uksw.edu.pl\/index.php?rest_route=\/wp\/v2\/pages\/1415\/revisions\/1416"}],"wp:attachment":[{"href":"https:\/\/ptj-warszawa2022.uksw.edu.pl\/index.php?rest_route=%2Fwp%2Fv2%2Fmedia&parent=1415"}],"curies":[{"name":"wp","href":"https:\/\/api.w.org\/{rel}","templated":true}]}}