{"id":1378,"date":"2022-09-07T10:53:50","date_gmt":"2022-09-07T08:53:50","guid":{"rendered":"http:\/\/ptj-warszawa2022.uksw.edu.pl\/?page_id=1378"},"modified":"2022-09-07T11:35:36","modified_gmt":"2022-09-07T09:35:36","slug":"o-badaniach-nad-tzw-definicjami-poetyckimi","status":"publish","type":"page","link":"https:\/\/ptj-warszawa2022.uksw.edu.pl\/?page_id=1378","title":{"rendered":"O badaniach nad tzw. \u201edefinicjami poetyckimi\u201d"},"content":{"rendered":"\n<p>Tomasz Korpysz<\/p>\n\n\n\n<p>Uniwersytet Kardyna\u0142a Stefana Wyszy\u0144skiego w Warszawie<\/p>\n\n\n\n<p>Poj\u0119cie definicji poetyckiej (nazywanej niekiedy tak\u017ce \u201edefinicj\u0105 artystyczn\u0105\u201d) do polskiej literatury przedmiotu wprowadzi\u0142 Ryszard Tokarski, kt\u00f3ry odwo\u0142ywa\u0142 si\u0119 do podstawowej dla omawianej problematyki pracy Eryka Chanpiry. Zagadnienie to podj\u0119li nast\u0119pnie: Anna Pajdzi\u0144ska w dzi\u015b ju\u017c klasycznym artykule Definicje poetyckie, w kt\u00f3rym analizowa\u0142a r\u00f3\u017cnorodne przyk\u0142ady z poezji wsp\u00f3\u0142czesnej, a tak\u017ce Tomasz Korpysz w cyklu artyku\u0142\u00f3w i monografii dotycz\u0105cych tw\u00f3rczo\u015bci Cyprian Norwida.<\/p>\n\n\n\n<p>Definicje poetyckie to heterogeniczne pod wzgl\u0119dem struktury konstrukcje, kt\u00f3rych najwa\u017cniejszym celem jest jednostkowa, idiolektalna charakterystyka jakiego\u015b wyra\u017cenia, dokonana na potrzeby konkretnego tekstu. Definicje takie, zwykle oparte na metaforze, ustalaj\u0105 cz\u0119sto bardzo nieoczywist\u0105 ekwiwalencj\u0119 definiendum i defniensa, wydobywaj\u0105 bowiem jedynie wybrane cechy, kt\u00f3re z jakiego\u015b, czyjego\u015b punktu widzenia, dora\u017anie uznawane s\u0105 najwa\u017cniejsze. Nie oddaj\u0105 one obiektywnej prawdy o rzeczywisto\u015bci, lecz ujawniaj\u0105 jak\u0105\u015b jej subiektywn\u0105 wizj\u0119, cz\u0119sto te\u017c wi\u0105\u017c\u0105 si\u0119 z negacj\u0105 utrwalonego znaczenia i warto\u015bciowania definiowanych s\u0142\u00f3w. Warto przy tym zaznaczy\u0107, \u017ce definicje poetyckie zwykle dalekie s\u0105 nie tylko od definicji naukowych, opieraj\u0105cych si\u0119 na obiektywnej wiedzy o \u015bwiecie, lecz tak\u017ce od tzw. definicji potocznych, w kt\u00f3rych odbija si\u0119 intersubiektywny, utrwalony w danym j\u0119zyku czy te\u017c jego odmianie obraz \u015bwiata.<\/p>\n\n\n\n<p>Mimo nieostrych granic wyra\u017cenie \u201edefinicja poetycka\u201d utrwali\u0142o si\u0119 ju\u017c w literaturze przedmiotu jako nowy termin ze wzgl\u0119du na to, \u017ce wprost wskazuje ono na najwa\u017cniejsz\u0105 funkcj\u0119, jak\u0105 takie konstrukcje pe\u0142ni\u0105 w tekstach. W ostatnich latach \u2013 mimo wa\u017cnych zastrze\u017ce\u0144, kt\u00f3re wobec samego terminu i zakresu jego stosowania sformu\u0142owa\u0142a Jolanta Chojak \u2013 pos\u0142ugiwa\u0142y si\u0119 nim np.: Anna Koz\u0142owska, analizuj\u0105ca takie konstrukcje w tw\u00f3rczo\u015bci Karola Wojty\u0142y, Jolanta Kowalewska-D\u0105browska, opisuj\u0105ca ten typ wyra\u017ce\u0144 w tw\u00f3rczo\u015bci ks. Jana Twardowskiego, oraz Ewa Dulna-Rak, omawiaj\u0105ca r\u00f3\u017cnorodne struktury definicyjne i quasi-definicyjne w pismach Juliusza Osterwy.<\/p>\n\n\n\n<p>W referacie zrekonstruowane zostan\u0105 dotychczasowe ustalenia oraz wskazane najwa\u017cniejsze problemy i kwestie dyskusyjne zwi\u0105zane z rozumieniem poj\u0119cia \u201edefinicja poetycka\u201d i zakresem jego stosowania.<\/p>\n\n\n\n<p>S\u0142owa klucze<\/p>\n\n\n\n<p>Definicja poetycka, ekwiwalencja, definiens, definiendum<\/p>\n\n\n\n<p>Bibliografia<\/p>\n\n\n\n<p>1. Chojak J., 2010, Kilka pyta\u0144 o definicj\u0119 poetyck\u0105. W: Cz\u0142owiek \u2013 s\u0142owo \u2013 \u015bwiat. Red. J. Chojak, T. Korpysz, K. Waszakowa. Warszawa, s. 124-137.<\/p>\n\n\n\n<p>2. Korpysz T., 2009, Definicje poetyckie Norwida, Lublin.<\/p>\n\n\n\n<p>3. Pajdzi\u0144ska A., 1993, Definicje poetyckie. W: O definicjach i definiowaniu. Red. J. Bartmi\u0144ski, R. Tokarski. Lublin.<\/p>\n\n\n\n<p>4. Tokarski R., 1987, Znaczenie s\u0142owa i jego modyfikacje w tek\u015bcie, Lublin.<\/p>\n\n\n\n<p>5. \u0425\u0430\u043d\u043f\u0438\u0440\u0430 \u042d.. \u0418.,1984, \u041e \u0445\u0443\u0434\u043e\u0436\u0435\u0441\u0442\u0432\u0435\u043d\u043d\u043e\u0439 \u0434\u0435\u0444\u0438\u043d\u0438\u0446\u0438\u0438. W: \u041f\u0440\u043e\u0431\u043b\u0435\u043c\u044b \u0441\u0442\u0440\u0443\u043a\u0442\u0443\u0440\u043d\u043e\u0439 \u043b\u0438\u043d\u0433\u0432\u0438\u0441\u0442\u0438\u043a\u0438 1982. Pe\u0434.. \u0412. \u041f. \u0413\u0440\u0438\u0433\u043e\u0440\u044c\u0435\u0432. \u041c\u043ec\u043a\u0432\u0430.<\/p>\n","protected":false},"excerpt":{"rendered":"<p>Tomasz Korpysz Uniwersytet Kardyna\u0142a Stefana Wyszy\u0144skiego w Warszawie Poj\u0119cie definicji poetyckiej (nazywanej niekiedy tak\u017ce \u201edefinicj\u0105 artystyczn\u0105\u201d) do polskiej literatury przedmiotu&hellip;<\/p>\n","protected":false},"author":6,"featured_media":0,"parent":0,"menu_order":0,"comment_status":"closed","ping_status":"closed","template":"","meta":[],"_links":{"self":[{"href":"https:\/\/ptj-warszawa2022.uksw.edu.pl\/index.php?rest_route=\/wp\/v2\/pages\/1378"}],"collection":[{"href":"https:\/\/ptj-warszawa2022.uksw.edu.pl\/index.php?rest_route=\/wp\/v2\/pages"}],"about":[{"href":"https:\/\/ptj-warszawa2022.uksw.edu.pl\/index.php?rest_route=\/wp\/v2\/types\/page"}],"author":[{"embeddable":true,"href":"https:\/\/ptj-warszawa2022.uksw.edu.pl\/index.php?rest_route=\/wp\/v2\/users\/6"}],"replies":[{"embeddable":true,"href":"https:\/\/ptj-warszawa2022.uksw.edu.pl\/index.php?rest_route=%2Fwp%2Fv2%2Fcomments&post=1378"}],"version-history":[{"count":2,"href":"https:\/\/ptj-warszawa2022.uksw.edu.pl\/index.php?rest_route=\/wp\/v2\/pages\/1378\/revisions"}],"predecessor-version":[{"id":1395,"href":"https:\/\/ptj-warszawa2022.uksw.edu.pl\/index.php?rest_route=\/wp\/v2\/pages\/1378\/revisions\/1395"}],"wp:attachment":[{"href":"https:\/\/ptj-warszawa2022.uksw.edu.pl\/index.php?rest_route=%2Fwp%2Fv2%2Fmedia&parent=1378"}],"curies":[{"name":"wp","href":"https:\/\/api.w.org\/{rel}","templated":true}]}}