{"id":1309,"date":"2022-06-21T21:14:45","date_gmt":"2022-06-21T19:14:45","guid":{"rendered":"http:\/\/ptj-warszawa2022.uksw.edu.pl\/?page_id=1309"},"modified":"2022-09-13T22:51:26","modified_gmt":"2022-09-13T20:51:26","slug":"streszczenia","status":"publish","type":"page","link":"https:\/\/ptj-warszawa2022.uksw.edu.pl\/?page_id=1309","title":{"rendered":"Streszczenia"},"content":{"rendered":"\n<div class=\"wp-block-file\"><a id=\"wp-block-file--media-f4040d42-6367-4135-a89f-d24ee36cdeee\" href=\"http:\/\/ptj-warszawa2022.uksw.edu.pl\/wp-content\/uploads\/2022\/09\/Spis-tresci-1.html\">Spis tre\u015bci<\/a><a href=\"http:\/\/ptj-warszawa2022.uksw.edu.pl\/wp-content\/uploads\/2022\/09\/Spis-tresci-1.html\" class=\"wp-block-file__button\" download aria-describedby=\"wp-block-file--media-f4040d42-6367-4135-a89f-d24ee36cdeee\">Pobierz<\/a><\/div>\n\n\n\n<h1>Streszczenia wyst\u0105pie\u0144<\/h1>\n\n\n\n<h2>Wyk\u0142ady plenarne<\/h2>\n\n\n\n<p><a href=\"eder.html\"><\/a><a href=\"http:\/\/ptj-warszawa2022.uksw.edu.pl\/?page_id=1366Kozlowska.html\">Anna Koz\u0142owska: <em>Po co j\u0119zykoznawstwu badania nad literatur\u0105?<\/em><\/a><br><a href=\"http:\/\/ptj-warszawa2022.uksw.edu.pl\/?page_id=1371\">Dorota Filar: <em>\u201e\u015awiat opowiedziany\u201d: tekstowe obrazy \u015bwiata.<\/em><\/a><br><a href=\"http:\/\/ptj-warszawa2022.uksw.edu.pl\/?page_id=1375\">Aleksander Kiklewicz i Sebastian Przybyszewski:&nbsp;<em>Estetyczne akty mowy: illokucja a performancja.<\/em><\/a><br><a href=\"http:\/\/ptj-warszawa2022.uksw.edu.pl\/?page_id=1378\">Tomasz Korpysz:&nbsp;<em>O badaniach nad tzw. \u201edefinicjami poetyckimi\u201d.<\/em><\/a><br><a href=\"http:\/\/ptj-warszawa2022.uksw.edu.pl\/?page_id=1390\">Urszula Sok\u00f3lska:&nbsp;<em>Studia nad j\u0119zykiem autor\u00f3w w ogl\u0105dzie metodologicznym.<\/em><\/a><\/p>\n\n\n\n<h2>Wyk\u0142ady w sekcjach<\/h2>\n\n\n\n<p><a href=\"http:\/\/ptj-warszawa2022.uksw.edu.pl\/?page_id=1623\">Alina Bi\u0142ous i Rafa\u0142 L. G\u00f3rski:<em>\u00a0Rejestry j\u0119zyka i s\u0142owotw\u00f3rstwo<\/em><\/a>. <\/p>\n\n\n\n<p><a href=\"http:\/\/ptj-warszawa2022.uksw.edu.pl\/?page_id=1596\">Marek Biszczanik:\u00a0<em>Historiografia miejska w studium j\u0119zykoznawczym. Casus: Zielona G\u00f3ra \/ Gr\u00fcnberg in Schlesien.<\/em><\/a><br><a href=\"http:\/\/ptj-warszawa2022.uksw.edu.pl\/?page_id=1409\">Magdalena B\u0142aszak:\u00a0<em>Czasowniki zmys\u0142\u00f3w w powie\u015bciach macedo\u0144skiego pisarza Igora Stanojoskiego.<\/em><\/a><br><a href=\"http:\/\/ptj-warszawa2022.uksw.edu.pl\/?page_id=1412\">Renata Bura:<em>\u00a0Literatura jako ilustracja zagadnie\u0144 gramatycznych i leksykalnych w j\u0119zyku g\u00f3rno\u0142u\u017cyckim.<\/em><\/a><br><a href=\"http:\/\/ptj-warszawa2022.uksw.edu.pl\/?page_id=1415\">Iwona Burkacka:\u00a0<em>Neologizmy wzgl\u0119dne i bezwgl\u0119dne. Rozwa\u017cania o neologiczno\u015bci neologizm\u00f3w.<\/em><\/a><br><a href=\"http:\/\/ptj-warszawa2022.uksw.edu.pl\/?page_id=1418\">El\u017cbieta Chrzanowska-Kluczewska:\u00a0<em>Opis tekstu literackiego w odmiennych perspektywach: semantyka literacka a neuroestetyka literatury w badaniach angloj\u0119zycznych.<\/em><\/a><br><a href=\"http:\/\/ptj-warszawa2022.uksw.edu.pl\/?page_id=1422\">Magdalena Derwojedowa:\u00a0<em>Jak nadu\u017cywa\u0107, \u017ceby na\u015bladowa\u0107, czyli o stylometrycznych cechach pastiszu \u2014 Cyberiada S. Lema, Trans-Atlantyk W. Gombrowicza i Trylogia H. Sienkiewicza a Pami\u0119tniki Paska.<\/em><\/a><br><a href=\"http:\/\/ptj-warszawa2022.uksw.edu.pl\/?page_id=1425\">Joanna Duska:\u00a0<em>J\u0119zyk \u201eFraszek\u201d Jana Kochanowskiego jako problem lingwistyki.<\/em><\/a><br><a href=\" Garnek.html\">Ma\u0142gorzata Garnek (UMCS), <\/a><em><a href=\"http:\/\/ptj-warszawa2022.uksw.edu.pl\/?page_id=1428\">J\u0119zykowo-kulturowe sygna\u0142y pokoleniowej interpretacji \u015bwiata w wybranych utworach przedstawicieli generacji X, Y i Z.<\/a><\/em><br><a href=\"http:\/\/ptj-warszawa2022.uksw.edu.pl\/?page_id=1432\">Magdalena Gozdek:\u00a0<em>Nazwy osobowe jako wyznacznik idiolektu pisarza \u2013 na przyk\u0142adzie dzie\u0142 Erazma Glicznera (1535-1603).<\/em><\/a><br><a href=\"http:\/\/ptj-warszawa2022.uksw.edu.pl\/?page_id=1436\">Magdalena Graf: <em>\u201eP\u00f3\u017aniej Twe Imi\u0119 m\u00f3wi\u0119 ukochane \/ I z s\u0142\u00f3w, jak z kwiat\u00f3w, \u015bliczny bukiet plot\u0119\u201d\u00a0&#8211; nazwy w\u0142asne w tw\u00f3rczo\u015bci Juliana Tuwima.<\/em><\/a><br><a href=\"http:\/\/ptj-warszawa2022.uksw.edu.pl\/?page_id=1441\">Ewelina Grze\u015bkiewicz:\u00a0<em>Gwara mazurska w tw\u00f3rczo\u015bci Micha\u0142a Kajki.<\/em><\/a><br><a href=\"http:\/\/ptj-warszawa2022.uksw.edu.pl\/?page_id=1444\">Ma\u0142gorzata Ha\u0142adewicz-Grzelak i Ventura Salazar-Garc\u00eda: <em>Aspekty binarno\u015bci i asymetria w tekstualno\u015bci andaluzyjskich<\/em> saet.<\/a><br><a href=\"http:\/\/ptj-warszawa2022.uksw.edu.pl\/?page_id=1447\">Renata Janicka-Szyszko:\u00a0<em>J\u0119zykowo-kulturowa kreacja lasu we wspomnieniach my\u015bliwego (Stefan Badeni,<\/em>\u00a0<em>Szcz\u0119\u015bliwe dni. Urywki z pami\u0119tnika my\u015bliwskiego).<\/em><\/a><br><a href=\"http:\/\/ptj-warszawa2022.uksw.edu.pl\/?page_id=1451\">Aleksandra Janowska:\u00a0<em>Wyra\u017cenia okre\u015blaj\u0105ce czas i przestrze\u0144 w polskich pami\u0119tnikach z XVI wieku.<\/em><\/a><br><a href=\"http:\/\/ptj-warszawa2022.uksw.edu.pl\/?page_id=1454\">Agnieszka Karli\u0144ska i Maciej Maryl:\u00a0<em>Przetwarzanie j\u0119zyka naturalnego na potrzeby literaturoznawstwa na przyk\u0142adzie infrastruktury GoLEM.<\/em><\/a><br><a href=\"http:\/\/ptj-warszawa2022.uksw.edu.pl\/?page_id=1457\">Agnieszka Karolczuk:\u00a0<em>Perspektywa glottodydaktyczna jako \u017ar\u00f3d\u0142o inspiracji.<\/em><\/a><br><a href=\"http:\/\/ptj-warszawa2022.uksw.edu.pl\/?page_id=1461\">Piotr K\u0142adoczny:\u00a0<em>Konceptualizacja zmys\u0142\u00f3w w j\u0119zyku polskim na podstawie tekst\u00f3w literackich.<\/em><\/a><br><a href=\"http:\/\/ptj-warszawa2022.uksw.edu.pl\/?page_id=1464\">Jolanta Klimek-Gr\u0105dzka:\u00a0<em>Archiwum Filomat\u00f3w jako obiekt bada\u0144 lingwistycznych.<\/em><\/a><br><a href=\"http:\/\/ptj-warszawa2022.uksw.edu.pl\/?page_id=1467\">Ewa Konefa\u0142:\u00a0<em>O badaniach nad przek\u0142adem artystycznym z perspektywy j\u0119zykoznawstwa.<\/em><\/a><br><a href=\"http:\/\/ptj-warszawa2022.uksw.edu.pl\/?page_id=1470\">Michai\u0142 Kotin:\u00a0<em>Kategoria perspektywy w uj\u0119ciu j\u0119zykoznawczym w tek\u015bcie literackim.<\/em><\/a><br><a href=\"http:\/\/ptj-warszawa2022.uksw.edu.pl\/?page_id=1473\">Iwona Krawczyk:<em>\u00a0Fraza nominalna Jana D\u0142ugosza. Rekonesans.<\/em><\/a><br><a href=\"http:\/\/ptj-warszawa2022.uksw.edu.pl\/?page_id=1477\">Wojciech Kuska:<em>\u00a0J\u0119zykowa funkcja bieli i czerni w powie\u015bci\u00a0<\/em>Widnokr\u0105g<em>\u00a0Wies\u0142awa My\u015bliwskiego.<\/em><\/a><br><a href=\"http:\/\/ptj-warszawa2022.uksw.edu.pl\/?page_id=1480\">Ewelina Kwapie\u0144:\u00a0<em>Korespondencja Fryderyka Chopina jako przedmiot bada\u0144 j\u0119zykoznawczych.<\/em><\/a><br><a href=\"http:\/\/ptj-warszawa2022.uksw.edu.pl\/?page_id=1486\">Maciej Laskowski i Leszek Szyma\u0144ski:\u00a0<em>J\u0119zykowy obraz Polski i Polak\u00f3w w angielskiej literaturze stosowanej drugiej po\u0142owy XVIII.<\/em><\/a><br><a href=\"http:\/\/ptj-warszawa2022.uksw.edu.pl\/?page_id=1489\">Olga Lesicka:\u00a0<em>J\u0119zyk powie\u015bci Aleksandra Tierechowa, jako przyk\u0142ad wsp\u00f3\u0142czesnego dzie\u0142a literackiego, kt\u00f3re mo\u017ce by\u0107 wci\u0105gaj\u0105ce i jednocze\u015bnie nieprzyjemne.<\/em><\/a><br><a href=\"http:\/\/ptj-warszawa2022.uksw.edu.pl\/?page_id=1492\">Tadeusz Lewaszkiewicz:\u00a0<em>Polskie i s\u0142owia\u0144skie s\u0142owniki pisarzy<\/em><\/a>.<br><a href=\"http:\/\/ptj-warszawa2022.uksw.edu.pl\/?page_id=1398\">Tomasz Mika: <em>Od wielom\u00f3wno\u015bci do\u00a0lakoniczo\u015bci. O j\u0119zyku najstarszych polskich przekaz\u00f3w Regu\u0142y III Zakonu \u015bw. Franciszka<\/em><\/a>.<br><a href=\"http:\/\/ptj-warszawa2022.uksw.edu.pl\/?page_id=1495\">Marta Nowak:\u00a0<em>Nazwy w\u0142asne w krymina\u0142ach retro \u2013 na podstawie cyklu powie\u015bci<\/em>\u00a0\u201eSprawy Ignacego Brauna\u201d<em>\u00a0Piotra Schmandta.<\/em><\/a><br><a href=\"http:\/\/ptj-warszawa2022.uksw.edu.pl\/?page_id=1498\">Ma\u0142gorzata Nowakowska:\u00a0<em>Analiza polifonii w ksi\u0105\u017cce pt.\u00a0\u201eNarzeczona Schulza. Apokryf\u201d\u00a0Agaty Tuszy\u0144skiej.<\/em><\/a><br><a href=\" Ochmann_ArturCzesak.html\">Donata Ochman i<\/a><a href=\"http:\/\/ptj-warszawa2022.uksw.edu.pl\/?page_id=1502\"> <\/a><a href=\"http:\/\/ptj-warszawa2022.uksw.edu.pl\/?page_id=1619\">Artur Czesak: <em>Tajemnice Krakowa\u00a0Micha\u0142a Ba\u0142uckiego. Osobliwo\u015bci leksykalne.<\/em><\/a><br><a href=\"http:\/\/ptj-warszawa2022.uksw.edu.pl\/?page_id=1508\">Inez Okulska i Krzysztof Skibski:\u00a0<em>Gra w klasy:\u00a0analiza lingwistycznych cech poetyki autorskiej na marginesie zautomatyzowanej klasyfikacji tekst\u00f3w literackich.<\/em><\/a><em><br><\/em><a href=\"http:\/\/ptj-warszawa2022.uksw.edu.pl\/?page_id=1511\">Olga Pa\u0144kowa: <em>Swoisto\u015b\u0107 stylistyczno\u2013j\u0119zykowa utwor\u00f3w o Kresach Z. \u017bakiewicza i A. Jurewicza.<\/em><\/a><br><a href=\"http:\/\/ptj-warszawa2022.uksw.edu.pl\/?page_id=1516\">Magdalena Pietrzak i Danuta Kowalska:\u00a0<em>Listy z podr\u00f3\u017cy Henryka Sienkiewicza jako wsp\u00f3lne pole bada\u0144 j\u0119zykoznawczych i literaturoznawczych.<\/em><\/a><br><a href=\"http:\/\/ptj-warszawa2022.uksw.edu.pl\/?page_id=1519\">Joanna Przyklenk:\u00a0<em>Mi\u0119dzywojenny reporta\u017c podr\u00f3\u017cniczy jako gatunek mowy (na przyk\u0142adzie tw\u00f3rczo\u015bci Aleksandra Janty-Po\u0142czy\u0144skiego).<\/em><\/a><br><a href=\"http:\/\/ptj-warszawa2022.uksw.edu.pl\/?page_id=1523\">Wiktor Pskit:\u00a0<em>Kolekta jako gatunek modlitwy liturgicznej i jej przek\u0142ad na j\u0119zyki narodowe.<\/em><\/a><br><a href=\"http:\/\/ptj-warszawa2022.uksw.edu.pl\/?page_id=1530\">Dorota Rojszczak-Robi\u0144ska:\u00a0<em>Staropolskie apokryfy na granicy dziedzin.<\/em><\/a><br><a href=\"http:\/\/ptj-warszawa2022.uksw.edu.pl\/?page_id=1534\">Joanna Rutkowska:\u00a0<em>J\u0119zykowy obraz warto\u015bci wy\u017cszych na materiale powie\u015bci\u00a0<\/em>\u201eMatka\u201d<em>\u00a0Ignacego Maciejowskiego.<\/em><\/a><br><a href=\"http:\/\/ptj-warszawa2022.uksw.edu.pl\/?page_id=1538\">Paulina Rybi\u0144ska:\u00a0<em>\u015arednioangielska geografia leksykalna: badanie por\u00f3wnawcze p\u00f3\u0142nocnej i \u015brodkowowschodniej wersji\u00a0Podr\u00f3\u017cy\u00a0Jana z Mandeville.<\/em><\/a><br><a href=\"http:\/\/ptj-warszawa2022.uksw.edu.pl\/?page_id=1541\">Joanna Rychter:\u00a0<em>O badaniach tw\u00f3rczo\u015bci wsp\u00f3\u0142czesnych poet\u00f3w \u0142emkowskich. Stan obecny i perspektywy<\/em><\/a>.<br><a href=\" Skibski.html\">Krzysztof Skibski:\u00a0<\/a><em><a href=\"http:\/\/ptj-warszawa2022.uksw.edu.pl\/?page_id=1545\">Gramatyczna<\/a><\/em><a href=\" Skibski.html\"><em> dynamika literatury.<\/em><\/a><br><a href=\"http:\/\/ptj-warszawa2022.uksw.edu.pl\/?page_id=1549\">El\u017cbieta Skorupska\u2013Raczy\u0144ska:\u00a0<em>Kierunki bada\u0144 nad j\u0119zykow\u0105 kreacj\u0105 \u015bwiata w tek\u015bcie literackim.<\/em><\/a><br><a href=\"http:\/\/ptj-warszawa2022.uksw.edu.pl\/?page_id=1553\">Katarzyna Sobolewska:\u00a0<em>\u017beromski i feminatywy. Pisarz wobec luk nazewniczych polszczyzny.<\/em><\/a><br><a href=\"http:\/\/ptj-warszawa2022.uksw.edu.pl\/?page_id=1556\">Sylwia Sojda:\u00a0<em>Kategoria liczby w j\u0119zyku prozy Pavla Rankova i jej przek\u0142adach na j\u0119zyk polski<\/em><\/a>.<br><a href=\"http:\/\/ptj-warszawa2022.uksw.edu.pl\/?page_id=1559\">Kazimierz Sroka:\u00a0<em>J\u0119zykoznawstwo a teksty Biblii<\/em><\/a>.<br><a href=\"http:\/\/ptj-warszawa2022.uksw.edu.pl\/?page_id=1562\">Ewa Stala:\u00a0<em>Humor \u015bredniowieczny w \u015bwietle Og\u00f3lnej Teorii Humoru S\u0142ownego (GTVH) na przyk\u0142adzie<\/em>\u00a0<em>Ksi\u0119gi Dobrej Mi\u0142o\u015bci\u00a0(1330-1343)<\/em><\/a>.<br><a href=\"http:\/\/ptj-warszawa2022.uksw.edu.pl\/?page_id=1565\">Piotr Stalmaszczyk:\u00a0<em>Literackie u\u017cycia nazw w\u0142asnych jako przedmiot bada\u0144 semiotycznych.<\/em><\/a><br><a href=\"http:\/\/ptj-warszawa2022.uksw.edu.pl\/?page_id=1569\">Leszek Szyma\u0144ski: <em>This may can look impossible!\u00a0&#8211; czyli o szukaniu stogu z ig\u0142\u0105.<\/em><\/a><br><a href=\"http:\/\/ptj-warszawa2022.uksw.edu.pl\/?page_id=1572\">Artur Urbaniak:\u00a0<em>\u015aniadanie mistrz\u00f3w s\u0142owa, czyli proza Kurta Vonneguta a rozw\u00f3j kompetencji komunikacyjnych wsp\u00f3\u0142czesnego retora: semantyczna analiza dyskursu w uj\u0119ciu lingwistycznym (pragmaretorycznym).<\/em><\/a><br><a href=\"http:\/\/ptj-warszawa2022.uksw.edu.pl\/?page_id=1575\">Anna Wileczek:\u00a0<em>Lingwistyka wobec literackiej multimodalno\u015bci.<\/em>\u00a0\u201eZgubiona dusza\u201d\u00a0<em>Olgi Tokarczuk i Joanny Cencejo jako projekt ikonotekstowy.<\/em><\/a><br><a href=\"http:\/\/ptj-warszawa2022.uksw.edu.pl\/?page_id=1579\">\u0141ukasz Wnuk:\u00a0<em>Wszechobecne istnienie. Konceptualizacja w obrazowaniu poetyckim Jaros\u0142awa Marka Rymkiewicza na przyk\u0142adzie przesuni\u0119\u0107 znaczeniowych wiersza\u00a0Deus sive Natura.<\/em><\/a><br><a href=\"http:\/\/ptj-warszawa2022.uksw.edu.pl\/?page_id=1582\">Katarzyna Wojan:\u00a0<em>Dorobek polskiej leksykografii autorskiej.<\/em><\/a><br><a href=\"http:\/\/ptj-warszawa2022.uksw.edu.pl\/?page_id=1585\">Patryk Zaj\u0105c:\u00a0<em>Antologia<\/em>\u00a0<em>\u201eMagana jari ce\u201d\u00a0[Skarb w s\u0142owach zakl\u0119ty] Abubakara Imama jako korpus tekst\u00f3w kulturowych i \u017ar\u00f3d\u0142o danych dla bada\u0144 j\u0119zykoznawczych.<\/em><\/a><br><a href=\"http:\/\/ptj-warszawa2022.uksw.edu.pl\/?page_id=1590\">Ewa Zakrzewska:\u00a0<em>J\u0119zykowe sposoby wyra\u017cania i stymulowania sprawczo\u015bci w koptyjskich \u017bywotach m\u0119czennik\u00f3w.<\/em><\/a><br><a href=\"http:\/\/ptj-warszawa2022.uksw.edu.pl\/?page_id=1593\">Rafa\u0142 Zar\u0119bski:\u00a0<em>Stare teksty w nowych odczytaniach. Literatura dokumentu osobistego \u017ar\u00f3d\u0142em do bada\u0144 dawnej polszczyzny jako j\u0119zyka obcego\/drugiego.<\/em><\/a><br><a href=\"http:\/\/ptj-warszawa2022.uksw.edu.pl\/?page_id=1526\">Magdalena Zawis\u0142awska:\u00a0<em>S\u0142ownictwo tematyczne w poezji W\u0142adys\u0142awa Seby\u0142y.<\/em><\/a><\/p>\n","protected":false},"excerpt":{"rendered":"<p>Streszczenia wyst\u0105pie\u0144 Wyk\u0142ady plenarne Anna Koz\u0142owska: Po co j\u0119zykoznawstwu badania nad literatur\u0105?Dorota Filar: \u201e\u015awiat opowiedziany\u201d: tekstowe obrazy \u015bwiata.Aleksander Kiklewicz i&hellip;<\/p>\n","protected":false},"author":6,"featured_media":0,"parent":0,"menu_order":0,"comment_status":"closed","ping_status":"closed","template":"","meta":[],"_links":{"self":[{"href":"https:\/\/ptj-warszawa2022.uksw.edu.pl\/index.php?rest_route=\/wp\/v2\/pages\/1309"}],"collection":[{"href":"https:\/\/ptj-warszawa2022.uksw.edu.pl\/index.php?rest_route=\/wp\/v2\/pages"}],"about":[{"href":"https:\/\/ptj-warszawa2022.uksw.edu.pl\/index.php?rest_route=\/wp\/v2\/types\/page"}],"author":[{"embeddable":true,"href":"https:\/\/ptj-warszawa2022.uksw.edu.pl\/index.php?rest_route=\/wp\/v2\/users\/6"}],"replies":[{"embeddable":true,"href":"https:\/\/ptj-warszawa2022.uksw.edu.pl\/index.php?rest_route=%2Fwp%2Fv2%2Fcomments&post=1309"}],"version-history":[{"count":98,"href":"https:\/\/ptj-warszawa2022.uksw.edu.pl\/index.php?rest_route=\/wp\/v2\/pages\/1309\/revisions"}],"predecessor-version":[{"id":1630,"href":"https:\/\/ptj-warszawa2022.uksw.edu.pl\/index.php?rest_route=\/wp\/v2\/pages\/1309\/revisions\/1630"}],"wp:attachment":[{"href":"https:\/\/ptj-warszawa2022.uksw.edu.pl\/index.php?rest_route=%2Fwp%2Fv2%2Fmedia&parent=1309"}],"curies":[{"name":"wp","href":"https:\/\/api.w.org\/{rel}","templated":true}]}}